{"id":23325,"date":"2024-10-08T14:25:52","date_gmt":"2024-10-08T17:25:52","guid":{"rendered":"https:\/\/www.sannicolasdemyra.cl\/web\/?page_id=23325"},"modified":"2026-01-29T15:27:04","modified_gmt":"2026-01-29T18:27:04","slug":"trabaja-con-nosotros","status":"publish","type":"page","link":"https:\/\/www.sannicolasdemyra.cl\/web\/trabaja-con-nosotros\/","title":{"rendered":"Trabaja con Nosotros"},"content":{"rendered":"\n\t<section class=\"section dark\" id=\"section_903775682\">\n\t\t<div class=\"section-bg fill\" >\n\t\t\t\t\t\t\t\t\t\n\t\t\t\n\n\t\t<\/div>\n\n\t\t\n\n\t\t<div class=\"section-content relative\">\n\t\t\t\n\t<div id=\"text-4276832479\" class=\"text\">\n\t\t\n<h1 class=\"uppercase\">Contacto<\/h1>\n\t\t\n<style>\n#text-4276832479 {\n  text-align: center;\n}\n<\/style>\n\t<\/div>\n\t\n<div class=\"text-center\"><div class=\"is-divider divider clearfix\" style=\"max-width:80%;height:1px;background-color:rgb(255, 255, 255);\"><\/div><\/div>\n\t\t<\/div>\n\n\t\t\n<style>\n#section_903775682 {\n  padding-top: 40px;\n  padding-bottom: 40px;\n  background-color: #03263d;\n}\n<\/style>\n\t<\/section>\n\t\n<div class=\"row\"  id=\"row-2101820159\">\n\n\t<div id=\"col-1390606548\" class=\"col medium-3 small-12 large-3\"  >\n\t\t\t\t<div class=\"col-inner\"  >\n\t\t\t\n\t\t\t\n\t<div class=\"ux-menu stack stack-col justify-start\">\n\t\t\n\t<div class=\"ux-menu-title flex\">\n\t\tCONTACTO\t<\/div>\n\t\n\t<div class=\"ux-menu-link flex menu-item\">\n\t\t<a class=\"ux-menu-link__link flex\" href=\"https:\/\/www.sannicolasdemyra.cl\/web\/contactanos\/\" >\n\t\t\t\t\t\t<span class=\"ux-menu-link__text\">\n\t\t\t\tCont\u00e1ctanos\t\t\t<\/span>\n\t\t<\/a>\n\t<\/div>\n\t\n\t<div class=\"ux-menu-link flex menu-item\">\n\t\t<a class=\"ux-menu-link__link flex\" href=\"https:\/\/www.sannicolasdemyra.cl\/web\/trabaja-con-nosotros\/\" >\n\t\t\t\t\t\t<span class=\"ux-menu-link__text\">\n\t\t\t\tTRABAJA CON NOSOTROS\t\t\t<\/span>\n\t\t<\/a>\n\t<\/div>\n\t\n\t<\/div>\n\t\n\t\t<\/div>\n\t\t\t\t\t<\/div>\n\n\t\n\n\t<div id=\"col-1988936557\" class=\"col medium-9 small-12 large-9 small-col-first\"  >\n\t\t\t\t<div class=\"col-inner\"  >\n\t\t\t\n\t\t\t\n\n  \n    <div class=\"row large-columns-2 medium-columns-1 small-columns-1 slider row-slider slider-nav-simple slider-nav-push\"  data-flickity-options='{&quot;imagesLoaded&quot;: true, &quot;groupCells&quot;: &quot;100%&quot;, &quot;dragThreshold&quot; : 5, &quot;cellAlign&quot;: &quot;left&quot;,&quot;wrapAround&quot;: true,&quot;prevNextButtons&quot;: true,&quot;percentPosition&quot;: true,&quot;pageDots&quot;: false, &quot;rightToLeft&quot;: false, &quot;autoPlay&quot; : false}' >\n\n  <\/div>\n\t<div id=\"text-2270489408\" class=\"text\">\n\t\t\n<h3>\u00a1Trabaja con nosotros!<\/h3>\n<p>En el Colegio San Nicol\u00e1s de Myra buscamos personas comprometidas con la educaci\u00f3n y el desarrollo integral de nuestros estudiantes. Si compartes nuestra misi\u00f3n y valores, te invitamos a formar parte de un equipo que inspira y transforma vidas. \u00a1Postula y crezcamos juntos!<\/p>\n\t\t\n<style>\n#text-2270489408 {\n  text-align: left;\n}\n<\/style>\n\t<\/div>\n\t\n<div class=\"forminator-ui forminator-custom-form forminator-custom-form-21169 forminator-design--flat forminator-enclosed forminator_ajax\" data-forminator-render=\"0\" data-form=\"forminator-module-21169\" data-uid=\"69f0474ac12d3\"><br\/><\/div><form\n\t\t\t\tid=\"forminator-module-21169\"\n\t\t\t\tclass=\"forminator-ui forminator-custom-form forminator-custom-form-21169 forminator-design--flat forminator-enclosed forminator_ajax\"\n\t\t\t\tmethod=\"post\"\n\t\t\t\tdata-forminator-render=\"0\"\n\t\t\t\tdata-form-id=\"21169\"\n\t\t\t\tenctype=\"multipart\/form-data\" data-color-option=\"default\" data-design=\"flat\" data-grid=\"enclosed\" style=\"display: none;\"\n\t\t\t\tdata-uid=\"69f0474ac12d3\"\n\t\t\t><div role=\"alert\" aria-live=\"polite\" class=\"forminator-response-message forminator-error\" aria-hidden=\"true\"><\/div><div class=\"forminator-row\"><div id=\"name-1\" class=\"forminator-field-name forminator-col forminator-col-12 \"><div class=\"forminator-field\"><label for=\"forminator-field-name-1_69f0474ac12d3\" id=\"forminator-field-name-1_69f0474ac12d3-label\" class=\"forminator-label\">Nombre Completo <span class=\"forminator-required\">*<\/span><\/label><input type=\"text\" name=\"name-1\" value=\"\" placeholder=\"\" id=\"forminator-field-name-1_69f0474ac12d3\" class=\"forminator-input forminator-name--field\" aria-required=\"true\" autocomplete=\"name\" \/><\/div><\/div><\/div><div class=\"forminator-row\"><div id=\"email-1\" class=\"forminator-field-email forminator-col forminator-col-12 \"><div class=\"forminator-field\"><label for=\"forminator-field-email-1_69f0474ac12d3\" id=\"forminator-field-email-1_69f0474ac12d3-label\" class=\"forminator-label\">Email <span class=\"forminator-required\">*<\/span><\/label><input type=\"email\" name=\"email-1\" value=\"\" placeholder=\"\" id=\"forminator-field-email-1_69f0474ac12d3\" class=\"forminator-input forminator-email--field\" data-required=\"true\" aria-required=\"true\" autocomplete=\"email\" \/><\/div><\/div><\/div><div class=\"forminator-row\"><div id=\"phone-1\" class=\"forminator-field-phone forminator-col forminator-col-12 \"><div class=\"forminator-field\"><label for=\"forminator-field-phone-1_69f0474ac12d3\" id=\"forminator-field-phone-1_69f0474ac12d3-label\" class=\"forminator-label\">Tel\u00e9fono<\/label><input type=\"text\" name=\"phone-1\" value=\"\" placeholder=\"\" id=\"forminator-field-phone-1_69f0474ac12d3\" class=\"forminator-input forminator-field--phone\" data-required=\"\" aria-required=\"false\" autocomplete=\"off\" \/><\/div><\/div><\/div><div class=\"forminator-row\"><div id=\"upload-1\" class=\"forminator-field-upload forminator-col forminator-col-12 \"><div class=\"forminator-field\"><label for=\"forminator-field-upload-1_69f0474ac12d3\" id=\"forminator-field-upload-1_69f0474ac12d3-label\" class=\"forminator-label\">Adjunta tu CV <span class=\"forminator-required\">*<\/span><\/label><div class=\"forminator-file-upload \" data-element=\"upload-1_69f0474ac12d3\" aria-describedby=\"forminator-field-upload-1_69f0474ac12d3-description\"><input type=\"file\" name=\"upload-1\" id=\"forminator-field-upload-1_69f0474ac12d3\" class=\"forminator-input-file-required do-validate\" accept=\".webp,.ttf,.otf,.pdf,.docx,.docm,.doc\" tabindex=\"-1\"><button id=\"forminator-field-upload-1_69f0474ac12d3_button\" class=\"forminator-button forminator-button-upload\" data-id=\"forminator-field-upload-1_69f0474ac12d3\">Elegir archivo<\/button><span data-empty-text=\"Ning\u00fan archivo seleccionado\">Ning\u00fan archivo seleccionado<\/span><button class=\"forminator-button-delete\" style=\"display: none;\"><i class=\"forminator-icon-close\" aria-hidden=\"true\"><\/i><span class=\"forminator-screen-reader-only\">Eliminar el archivo subido<\/span><\/button><\/div><span id=\"forminator-field-upload-1_69f0474ac12d3-description\" class=\"forminator-description\">PDF o DOC, max 5MB.<\/span><\/div><\/div><\/div><div class=\"forminator-row\"><div id=\"textarea-1\" class=\"forminator-field-textarea forminator-col forminator-col-12 \"><div class=\"forminator-field\"><label for=\"forminator-field-textarea-1_69f0474ac12d3\" id=\"forminator-field-textarea-1_69f0474ac12d3-label\" class=\"forminator-label\">Mensaje de Presentaci\u00f3n<\/label><textarea name=\"textarea-1\" placeholder=\"Introduce tu mensaje...\" id=\"forminator-field-textarea-1_69f0474ac12d3\" class=\"forminator-textarea\" rows=\"6\" style=\"min-height:140px;\" maxlength=\"180\" ><\/textarea><span id=\"forminator-field-textarea-1_69f0474ac12d3-description\" class=\"forminator-description\"><span data-limit=\"180\" data-type=\"characters\" data-editor=\"\">0 \/ 180<\/span><\/span><\/div><\/div><\/div><input type=\"hidden\" name=\"referer_url\" value=\"\" \/><div class=\"forminator-row forminator-row-last\"><div class=\"forminator-col\"><div class=\"forminator-field\"><button class=\"forminator-button forminator-button-submit\">Enviar<\/button><\/div><\/div><\/div><input type=\"hidden\" id=\"forminator_nonce\" name=\"forminator_nonce\" value=\"8834093938\" \/><input type=\"hidden\" name=\"_wp_http_referer\" value=\"\/web\/wp-json\/wp\/v2\/pages\/23325\" \/><input type=\"hidden\" name=\"form_id\" value=\"21169\"><input type=\"hidden\" name=\"page_id\" value=\"23325\"><input type=\"hidden\" name=\"form_type\" value=\"default\"><input type=\"hidden\" name=\"current_url\" value=\"https:\/\/www.sannicolasdemyra.cl\/web\/trabaja-con-nosotros\/\"><input type=\"hidden\" name=\"render_id\" value=\"0\"><input type=\"hidden\" name=\"action\" value=\"forminator_submit_form_custom-forms\"><label for=\"input_6\" class=\"forminator-hidden\" aria-hidden=\"true\">Por favor, no rellenes este campo. <input id=\"input_6\" type=\"text\" name=\"input_6\" value=\"\" autocomplete=\"off\"><\/label><\/form>\n\n  \n    <div class=\"row  lightbox-multi-gallery large-columns-3 medium-columns- small-columns-2 slider row-slider slider-nav-reveal slider-nav-push\"  data-flickity-options='{&quot;imagesLoaded&quot;: true, &quot;groupCells&quot;: &quot;100%&quot;, &quot;dragThreshold&quot; : 5, &quot;cellAlign&quot;: &quot;left&quot;,&quot;wrapAround&quot;: true,&quot;prevNextButtons&quot;: true,&quot;percentPosition&quot;: true,&quot;pageDots&quot;: false, &quot;rightToLeft&quot;: false, &quot;autoPlay&quot; : 3000}' >\n\n  <div class=\"gallery-col col\" >\n          <div class=\"col-inner\">\n                        <div class=\"box has-hover gallery-box box-default\">\n              <div class=\"box-image\" >\n                <img loading=\"lazy\" decoding=\"async\" width=\"300\" height=\"203\" src=\"https:\/\/www.sannicolasdemyra.cl\/web\/wp-content\/uploads\/61-300x203.jpg\" class=\"attachment-medium size-medium\" alt=\"\" ids=\"24673,24674,24675,24676\" style=\"default\" lightbox=\"false\" type=\"slider\" columns=\"3\" auto_slide=\"3000\" srcset=\"https:\/\/www.sannicolasdemyra.cl\/web\/wp-content\/uploads\/61-300x203.jpg 300w, https:\/\/www.sannicolasdemyra.cl\/web\/wp-content\/uploads\/61-1024x691.jpg 1024w, https:\/\/www.sannicolasdemyra.cl\/web\/wp-content\/uploads\/61-768x518.jpg 768w, https:\/\/www.sannicolasdemyra.cl\/web\/wp-content\/uploads\/61.jpg 1200w\" sizes=\"auto, (max-width: 300px) 100vw, 300px\" \/>                                                              <\/div>\n              <div class=\"box-text text-left\" >\n                 <p><\/p>\n              <\/div>\n            <\/div>\n                      <\/div>\n         <\/div><div class=\"gallery-col col\" >\n          <div class=\"col-inner\">\n                        <div class=\"box has-hover gallery-box box-default\">\n              <div class=\"box-image\" >\n                <img loading=\"lazy\" decoding=\"async\" width=\"300\" height=\"203\" src=\"https:\/\/www.sannicolasdemyra.cl\/web\/wp-content\/uploads\/62-300x203.jpg\" class=\"attachment-medium size-medium\" alt=\"\" ids=\"24673,24674,24675,24676\" style=\"default\" lightbox=\"false\" type=\"slider\" columns=\"3\" auto_slide=\"3000\" srcset=\"https:\/\/www.sannicolasdemyra.cl\/web\/wp-content\/uploads\/62-300x203.jpg 300w, https:\/\/www.sannicolasdemyra.cl\/web\/wp-content\/uploads\/62-1024x691.jpg 1024w, https:\/\/www.sannicolasdemyra.cl\/web\/wp-content\/uploads\/62-768x518.jpg 768w, https:\/\/www.sannicolasdemyra.cl\/web\/wp-content\/uploads\/62.jpg 1200w\" sizes=\"auto, (max-width: 300px) 100vw, 300px\" \/>                                                              <\/div>\n              <div class=\"box-text text-left\" >\n                 <p><\/p>\n              <\/div>\n            <\/div>\n                      <\/div>\n         <\/div><div class=\"gallery-col col\" >\n          <div class=\"col-inner\">\n                        <div class=\"box has-hover gallery-box box-default\">\n              <div class=\"box-image\" >\n                <img loading=\"lazy\" decoding=\"async\" width=\"300\" height=\"203\" src=\"https:\/\/www.sannicolasdemyra.cl\/web\/wp-content\/uploads\/63-300x203.jpg\" class=\"attachment-medium size-medium\" alt=\"\" ids=\"24673,24674,24675,24676\" style=\"default\" lightbox=\"false\" type=\"slider\" columns=\"3\" auto_slide=\"3000\" srcset=\"https:\/\/www.sannicolasdemyra.cl\/web\/wp-content\/uploads\/63-300x203.jpg 300w, https:\/\/www.sannicolasdemyra.cl\/web\/wp-content\/uploads\/63-1024x691.jpg 1024w, https:\/\/www.sannicolasdemyra.cl\/web\/wp-content\/uploads\/63-768x518.jpg 768w, https:\/\/www.sannicolasdemyra.cl\/web\/wp-content\/uploads\/63.jpg 1200w\" sizes=\"auto, (max-width: 300px) 100vw, 300px\" \/>                                                              <\/div>\n              <div class=\"box-text text-left\" >\n                 <p><\/p>\n              <\/div>\n            <\/div>\n                      <\/div>\n         <\/div><div class=\"gallery-col col\" >\n          <div class=\"col-inner\">\n                        <div class=\"box has-hover gallery-box box-default\">\n              <div class=\"box-image\" >\n                <img loading=\"lazy\" decoding=\"async\" width=\"300\" height=\"203\" src=\"https:\/\/www.sannicolasdemyra.cl\/web\/wp-content\/uploads\/64-300x203.jpg\" class=\"attachment-medium size-medium\" alt=\"\" ids=\"24673,24674,24675,24676\" style=\"default\" lightbox=\"false\" type=\"slider\" columns=\"3\" auto_slide=\"3000\" srcset=\"https:\/\/www.sannicolasdemyra.cl\/web\/wp-content\/uploads\/64-300x203.jpg 300w, https:\/\/www.sannicolasdemyra.cl\/web\/wp-content\/uploads\/64-1024x691.jpg 1024w, https:\/\/www.sannicolasdemyra.cl\/web\/wp-content\/uploads\/64-768x518.jpg 768w, https:\/\/www.sannicolasdemyra.cl\/web\/wp-content\/uploads\/64.jpg 1200w\" sizes=\"auto, (max-width: 300px) 100vw, 300px\" \/>                                                              <\/div>\n              <div class=\"box-text text-left\" >\n                 <p><\/p>\n              <\/div>\n            <\/div>\n                      <\/div>\n         <\/div><\/div>\n\t\t<\/div>\n\t\t\t\t\t<\/div>\n\n\t\n<\/div>\n\n\t<section class=\"section dark\" id=\"section_824994410\">\n\t\t<div class=\"section-bg fill\" >\n\t\t\t\t\t\t\t\t\t\n\t\t\t\n\n\t\t<\/div>\n\n\t\t\n\t<div class=\"ux-shape-divider ux-shape-divider--bottom ux-shape-divider--style-curve-invert\">\n\t\t<svg viewBox=\"0 0 1000 100\" xmlns=\"http:\/\/www.w3.org\/2000\/svg\" preserveAspectRatio=\"none\">\n\t<path class=\"ux-shape-fill\" d=\"M500 47.0297C184.4 47.0297 -26 100 -26 100H1026C1026 100 815.6 47.0297 500 47.0297ZM1026 -5.94059H-26V-7H1026V-5.94059Z\"\/>\n<\/svg>\n\n\t<\/div>\n\n\t\t<div class=\"section-content relative\">\n\t\t\t\n<div class=\"row hide-for-small\"  id=\"row-223059216\">\n\n\t<div id=\"col-420306837\" class=\"col medium-4 small-12 large-4\"  >\n\t\t\t\t<div class=\"col-inner\"  >\n\t\t\t\n\t\t\t\n\t<div class=\"box has-hover   has-hover box-label box-text-bottom\" >\n\n\t\t<div class=\"box-image\" >\n\t\t\t<a href=\"https:\/\/www.sannicolasdemyra.cl\/web\/nuestro-colegio\/proposito\/\" target=\"_blank\" rel=\"noopener\" >\t\t\t<div class=\"image-cover\" style=\"padding-top:400px;\">\n\t\t\t\t<img loading=\"lazy\" decoding=\"async\" width=\"1080\" height=\"1080\" src=\"https:\/\/www.sannicolasdemyra.cl\/web\/wp-content\/uploads\/Historia-jardin-Infantil-1.jpg\" class=\"attachment-original size-original\" alt=\"Historia del Jard\u00edn Infantil\" srcset=\"https:\/\/www.sannicolasdemyra.cl\/web\/wp-content\/uploads\/Historia-jardin-Infantil-1.jpg 1080w, https:\/\/www.sannicolasdemyra.cl\/web\/wp-content\/uploads\/Historia-jardin-Infantil-1-300x300.jpg 300w, https:\/\/www.sannicolasdemyra.cl\/web\/wp-content\/uploads\/Historia-jardin-Infantil-1-1024x1024.jpg 1024w, https:\/\/www.sannicolasdemyra.cl\/web\/wp-content\/uploads\/Historia-jardin-Infantil-1-150x150.jpg 150w, https:\/\/www.sannicolasdemyra.cl\/web\/wp-content\/uploads\/Historia-jardin-Infantil-1-768x768.jpg 768w\" sizes=\"auto, (max-width: 1080px) 100vw, 1080px\" \/>\t\t\t\t\t\t\t\t\t\t\t<\/div>\n\t\t\t<\/a>\t\t<\/div>\n\n\t\t<div class=\"box-text text-center dark\" style=\"background-color:rgba(1, 46, 64, 0.808);\">\n\t\t\t<div class=\"box-text-inner\">\n\t\t\t\t\n<h4>HISTORIA Y PROP\u00d3SITO<\/h4>\n\t\t\t<\/div>\n\t\t<\/div>\n\t<\/div>\n\t\n\t\t<\/div>\n\t\t\t\t\t<\/div>\n\n\t\n\n\t<div id=\"col-760932859\" class=\"col medium-4 small-12 large-4\"  >\n\t\t\t\t<div class=\"col-inner\"  >\n\t\t\t\n\t\t\t\n\t<div class=\"box has-hover   has-hover box-label box-text-bottom\" >\n\n\t\t<div class=\"box-image\" >\n\t\t\t<a href=\"https:\/\/www.sannicolasdemyra.cl\/web\/vida-escolar\/sana-convivencia\/\" target=\"_blank\" rel=\"noopener\" >\t\t\t<div class=\"image-cover\" style=\"padding-top:400px;\">\n\t\t\t\t<img loading=\"lazy\" decoding=\"async\" width=\"1080\" height=\"1080\" src=\"https:\/\/www.sannicolasdemyra.cl\/web\/wp-content\/uploads\/SNM-sana-Convivencia.png\" class=\"attachment-original size-original\" alt=\"colegio con sana convivencia\" \/>\t\t\t\t\t\t\t\t\t\t\t<\/div>\n\t\t\t<\/a>\t\t<\/div>\n\n\t\t<div class=\"box-text text-center dark\" style=\"background-color:rgba(1, 46, 64, 0.808);\">\n\t\t\t<div class=\"box-text-inner\">\n\t\t\t\t\n<h4>SANA CONVIVENCIA<\/h4>\n\t\t\t<\/div>\n\t\t<\/div>\n\t<\/div>\n\t\n\t\t<\/div>\n\t\t\t\t\t<\/div>\n\n\t\n\n\t<div id=\"col-590665347\" class=\"col medium-4 small-12 large-4\"  >\n\t\t\t\t<div class=\"col-inner\"  >\n\t\t\t\n\t\t\t\n\t<div class=\"box has-hover   has-hover box-label box-text-bottom\" >\n\n\t\t<div class=\"box-image\" >\n\t\t\t<a href=\"https:\/\/www.sannicolasdemyra.cl\/web\/nuestro-colegio\/atributos\/\" target=\"_blank\" rel=\"noopener\" >\t\t\t<div class=\"image-cover\" style=\"padding-top:400px;\">\n\t\t\t\t<img loading=\"lazy\" decoding=\"async\" width=\"400\" height=\"400\" src=\"https:\/\/www.sannicolasdemyra.cl\/web\/wp-content\/uploads\/BANNER-infraestructura.jpg\" class=\"attachment-original size-original\" alt=\"Colegio San Nicol\u00e1s de Myra\" srcset=\"https:\/\/www.sannicolasdemyra.cl\/web\/wp-content\/uploads\/BANNER-infraestructura.jpg 400w, https:\/\/www.sannicolasdemyra.cl\/web\/wp-content\/uploads\/BANNER-infraestructura-300x300.jpg 300w, https:\/\/www.sannicolasdemyra.cl\/web\/wp-content\/uploads\/BANNER-infraestructura-150x150.jpg 150w\" sizes=\"auto, (max-width: 400px) 100vw, 400px\" \/>\t\t\t\t\t\t\t\t\t\t\t<\/div>\n\t\t\t<\/a>\t\t<\/div>\n\n\t\t<div class=\"box-text text-center dark\" style=\"background-color:rgba(1, 46, 64, 0.808);\">\n\t\t\t<div class=\"box-text-inner\">\n\t\t\t\t\n<h4>ATRIBUTOS<\/h4>\n\t\t\t<\/div>\n\t\t<\/div>\n\t<\/div>\n\t\n\t\t<\/div>\n\t\t\t\t\t<\/div>\n\n\t\n<\/div>\n<div class=\"row show-for-small\"  id=\"row-968478120\">\n\n\t<div id=\"col-252979173\" class=\"col medium-4 small-12 large-4\"  >\n\t\t\t\t<div class=\"col-inner\"  >\n\t\t\t\n\t\t\t\n<div class=\"slider-wrapper relative\" id=\"slider-80658681\" >\n    <div class=\"slider slider-nav-dots-simple slider-nav-circle slider-nav-large slider-nav-dark slider-style-normal\"\n        data-flickity-options='{\n            \"cellAlign\": \"center\",\n            \"imagesLoaded\": true,\n            \"lazyLoad\": 1,\n            \"freeScroll\": false,\n            \"wrapAround\": true,\n            \"autoPlay\": 6000,\n            \"pauseAutoPlayOnHover\" : true,\n            \"prevNextButtons\": false,\n            \"contain\" : true,\n            \"adaptiveHeight\" : true,\n            \"dragThreshold\" : 10,\n            \"percentPosition\": true,\n            \"pageDots\": true,\n            \"rightToLeft\": false,\n            \"draggable\": true,\n            \"selectedAttraction\": 0.1,\n            \"parallax\" : 0,\n            \"friction\": 0.6        }'\n        >\n        \n<div class=\"row\"  id=\"row-1001212682\">\n\n\t<div id=\"col-1132691198\" class=\"col medium-6 small-6 large-6\"  >\n\t\t\t\t<div class=\"col-inner\"  >\n\t\t\t\n\t\t\t\n\t<div class=\"box has-hover   has-hover box-label box-text-bottom\" >\n\n\t\t<div class=\"box-image\" >\n\t\t\t<a href=\"#\" >\t\t\t<div class=\"image-cover\" style=\"padding-top:200px;\">\n\t\t\t\t\t\t\t\t\t\t\t\t\t\t\t<\/div>\n\t\t\t<\/a>\t\t<\/div>\n\n\t\t<div class=\"box-text text-center dark\" style=\"background-color:rgba(0, 0, 0, 0.75);\">\n\t\t\t<div class=\"box-text-inner\">\n\t\t\t\t\n<h4>INGL\u00c9S<\/h4>\n\t\t\t<\/div>\n\t\t<\/div>\n\t<\/div>\n\t\n\t\t<\/div>\n\t\t\t\t\t<\/div>\n\n\t\n\n\t<div id=\"col-1758130506\" class=\"col medium-6 small-6 large-6\"  >\n\t\t\t\t<div class=\"col-inner\"  >\n\t\t\t\n\t\t\t\n\t<div class=\"box has-hover   has-hover box-label box-text-bottom\" >\n\n\t\t<div class=\"box-image\" >\n\t\t\t<a href=\"#\" >\t\t\t<div class=\"image-cover\" style=\"padding-top:200px;\">\n\t\t\t\t\t\t\t\t\t\t\t\t\t\t\t<\/div>\n\t\t\t<\/a>\t\t<\/div>\n\n\t\t<div class=\"box-text text-center dark\" style=\"background-color:rgba(0, 0, 0, 0.75);\">\n\t\t\t<div class=\"box-text-inner\">\n\t\t\t\t\n<h4>SANA CONVIVENCIA<\/h4>\n\t\t\t<\/div>\n\t\t<\/div>\n\t<\/div>\n\t\n\t\t<\/div>\n\t\t\t\t\t<\/div>\n\n\t\n<\/div>\n<div class=\"row\"  id=\"row-290578783\">\n\n\t<div id=\"col-574551480\" class=\"col medium-6 small-6 large-6\"  >\n\t\t\t\t<div class=\"col-inner\"  >\n\t\t\t\n\t\t\t\n\t<div class=\"box has-hover   has-hover box-label box-text-bottom\" >\n\n\t\t<div class=\"box-image\" >\n\t\t\t<a href=\"#\" >\t\t\t<div class=\"image-cover\" style=\"padding-top:200px;\">\n\t\t\t\t\t\t\t\t\t\t\t\t\t\t\t<\/div>\n\t\t\t<\/a>\t\t<\/div>\n\n\t\t<div class=\"box-text text-center dark\" style=\"background-color:rgba(0, 0, 0, 0.75);\">\n\t\t\t<div class=\"box-text-inner\">\n\t\t\t\t\n<h4>SANA CONVIVENCIA<\/h4>\n\t\t\t<\/div>\n\t\t<\/div>\n\t<\/div>\n\t\n\t\t<\/div>\n\t\t\t\t\t<\/div>\n\n\t\n\n\t<div id=\"col-1460129295\" class=\"col medium-4 small-6 large-4\"  >\n\t\t\t\t<div class=\"col-inner\"  >\n\t\t\t\n\t\t\t\n\t<div class=\"box has-hover   has-hover box-label box-text-bottom\" >\n\n\t\t<div class=\"box-image\" >\n\t\t\t<a href=\"#\" >\t\t\t<div class=\"image-cover\" style=\"padding-top:200px;\">\n\t\t\t\t\t\t\t\t\t\t\t\t\t\t\t<\/div>\n\t\t\t<\/a>\t\t<\/div>\n\n\t\t<div class=\"box-text text-center dark\" style=\"background-color:rgba(0, 0, 0, 0.75);\">\n\t\t\t<div class=\"box-text-inner\">\n\t\t\t\t\n<h4>INTERCAMBIOS<\/h4>\n\t\t\t<\/div>\n\t\t<\/div>\n\t<\/div>\n\t\n\t\t<\/div>\n\t\t\t\t\t<\/div>\n\n\t\n<\/div>\n     <\/div>\n\n     <div class=\"loading-spin dark large centered\"><\/div>\n\n\t<\/div>\n\n\n\t\t<\/div>\n\t\t\t\t\t<\/div>\n\n\t\n<\/div>\n\t\t<\/div>\n\n\t\t\n<style>\n#section_824994410 {\n  padding-top: 50px;\n  padding-bottom: 50px;\n  background-color: #03263d;\n}\n#section_824994410 .ux-shape-divider--bottom svg {\n  height: 400px;\n  --divider-width: 300%;\n}\n<\/style>\n\t<\/section>\n\t\n","protected":false},"excerpt":{"rendered":"","protected":false},"author":1,"featured_media":0,"parent":0,"menu_order":3,"comment_status":"closed","ping_status":"closed","template":"page-blank.php","meta":{"_price":"","_stock":"","_tribe_ticket_header":"","_tribe_default_ticket_provider":"","_tribe_ticket_capacity":"0","_ticket_start_date":"","_ticket_end_date":"","_tribe_ticket_show_description":"","_tribe_ticket_show_not_going":false,"_tribe_ticket_use_global_stock":"","_tribe_ticket_global_stock_level":"","_global_stock_mode":"","_global_stock_cap":"","_tribe_rsvp_for_event":"","_tribe_ticket_going_count":"","_tribe_ticket_not_going_count":"","_tribe_tickets_list":"[]","_tribe_ticket_has_attendee_info_fields":false,"footnotes":"","_tec_slr_enabled":"","_tec_slr_layout":""},"class_list":["post-23325","page","type-page","status-publish","hentry"],"ticketed":false,"_links":{"self":[{"href":"https:\/\/www.sannicolasdemyra.cl\/web\/wp-json\/wp\/v2\/pages\/23325","targetHints":{"allow":["GET"]}}],"collection":[{"href":"https:\/\/www.sannicolasdemyra.cl\/web\/wp-json\/wp\/v2\/pages"}],"about":[{"href":"https:\/\/www.sannicolasdemyra.cl\/web\/wp-json\/wp\/v2\/types\/page"}],"author":[{"embeddable":true,"href":"https:\/\/www.sannicolasdemyra.cl\/web\/wp-json\/wp\/v2\/users\/1"}],"replies":[{"embeddable":true,"href":"https:\/\/www.sannicolasdemyra.cl\/web\/wp-json\/wp\/v2\/comments?post=23325"}],"version-history":[{"count":0,"href":"https:\/\/www.sannicolasdemyra.cl\/web\/wp-json\/wp\/v2\/pages\/23325\/revisions"}],"wp:attachment":[{"href":"https:\/\/www.sannicolasdemyra.cl\/web\/wp-json\/wp\/v2\/media?parent=23325"}],"curies":[{"name":"wp","href":"https:\/\/api.w.org\/{rel}","templated":true}]}}