{"id":24020,"date":"2024-11-13T12:09:38","date_gmt":"2024-11-13T15:09:38","guid":{"rendered":"https:\/\/www.sannicolasdemyra.cl\/web\/?page_id=24020"},"modified":"2025-01-15T20:24:48","modified_gmt":"2025-01-15T23:24:48","slug":"sello-plan-islandia","status":"publish","type":"page","link":"https:\/\/www.sannicolasdemyra.cl\/web\/vida-escolar\/sana-convivencia\/sello-plan-islandia\/","title":{"rendered":"Sello Plan Islandia"},"content":{"rendered":"\t<div id=\"gap-101801746\" class=\"gap-element clearfix\" style=\"display:block; height:auto;\">\n\t\t\n<style>\n#gap-101801746 {\n  padding-top: 30px;\n}\n<\/style>\n\t<\/div>\n\t\n<div class=\"row\"  id=\"row-280340202\">\n\n\t<div id=\"col-1945087478\" class=\"col medium-8 small-12 large-8\"  >\n\t\t\t\t<div class=\"col-inner text-left\"  >\n\t\t\t\n\t\t\t\n\t<div id=\"text-244603472\" class=\"text\">\n\t\t\n<h2>L\u00edderes Preventivos en Acci\u00f3n:\u00a0<\/h2>\n\t\t\n<style>\n#text-244603472 {\n  text-align: left;\n}\n<\/style>\n\t<\/div>\n\t\n\t<div class=\"img has-hover x md-x lg-x y md-y lg-y\" id=\"image_1227674408\">\n\t\t\t\t\t\t\t\t<div class=\"img-inner dark\" >\n\t\t\t<img loading=\"lazy\" decoding=\"async\" width=\"1200\" height=\"810\" src=\"https:\/\/www.sannicolasdemyra.cl\/web\/wp-content\/uploads\/Sello-Plan-Islandia-Lideres-preventivos.jpg\" class=\"attachment-original size-original\" alt=\"sello plan Islandia\" srcset=\"https:\/\/www.sannicolasdemyra.cl\/web\/wp-content\/uploads\/Sello-Plan-Islandia-Lideres-preventivos.jpg 1200w, https:\/\/www.sannicolasdemyra.cl\/web\/wp-content\/uploads\/Sello-Plan-Islandia-Lideres-preventivos-300x203.jpg 300w, https:\/\/www.sannicolasdemyra.cl\/web\/wp-content\/uploads\/Sello-Plan-Islandia-Lideres-preventivos-1024x691.jpg 1024w, https:\/\/www.sannicolasdemyra.cl\/web\/wp-content\/uploads\/Sello-Plan-Islandia-Lideres-preventivos-768x518.jpg 768w\" sizes=\"auto, (max-width: 1200px) 100vw, 1200px\" \/>\t\t\t\t\t\t\n\t\t\t\t\t<\/div>\n\t\t\t\t\t\t\t\t\n<style>\n#image_1227674408 {\n  width: 100%;\n}\n<\/style>\n\t<\/div>\n\t\n\t<div id=\"text-2621570907\" class=\"text\">\n\t\t\n<p>Desde el 2024, nuestro colegio form\u00f3 su primera generaci\u00f3n de <strong>l\u00edderes preventivos<\/strong>, una iniciativa derivada del <em>Sello Plan Islandia<\/em>. <br \/>Estudiantes de II y III Medio participaron en seis sesiones formativas, desarrollando habilidades socioemocionales, comunicaci\u00f3n efectiva, liderazgo y trabajo en equipo, adem\u00e1s de abordar las consecuencias del consumo de alcohol y otras drogas.<\/p>\n<p>Como parte de su formaci\u00f3n, lideraron campa\u00f1as de sensibilizaci\u00f3n en la feria STEAM, difundieron la importancia del buen uso del tiempo libre y realizaron talleres sobre mitos y realidades del consumo de sustancias para alumnos de 5\u00b0 b\u00e1sico. Estas actividades fortalecieron sus capacidades, promovieron el aprendizaje y dejaron una huella significativa en la comunidad educativa.<\/p>\n<p>Este proyecto ha sido una experiencia enriquecedora para los estudiantes, quienes se han mostrado motivados a continuar trabajando por el bienestar de sus compa\u00f1eros, demostrando compromiso, creatividad y un liderazgo ejemplar.<\/p>\n\t\t\n<style>\n#text-2621570907 {\n  text-align: left;\n}\n<\/style>\n\t<\/div>\n\t\n<div class=\"row\"  id=\"row-250601321\">\n\n\t<div id=\"col-1845617245\" class=\"col medium-6 small-12 large-6\"  >\n\t\t\t\t<div class=\"col-inner\"  >\n\t\t\t\n\t\t\t\n\n  \n    <div class=\"row  lightbox-multi-gallery large-columns-1 medium-columns- small-columns- slider row-slider slider-nav-reveal slider-nav-push\"  data-flickity-options='{&quot;imagesLoaded&quot;: true, &quot;groupCells&quot;: &quot;100%&quot;, &quot;dragThreshold&quot; : 5, &quot;cellAlign&quot;: &quot;left&quot;,&quot;wrapAround&quot;: true,&quot;prevNextButtons&quot;: true,&quot;percentPosition&quot;: true,&quot;pageDots&quot;: false, &quot;rightToLeft&quot;: false, &quot;autoPlay&quot; : 3000}' >\n\n  <div class=\"gallery-col col\" >\n          <div class=\"col-inner\">\n            <a class=\"\" href=\"https:\/\/www.sannicolasdemyra.cl\/web\/wp-content\/uploads\/Sello-Plan-Islandia.jpg\" title=\"\">            <div class=\"box has-hover gallery-box box-default\">\n              <div class=\"box-image\" >\n                <img loading=\"lazy\" decoding=\"async\" width=\"300\" height=\"203\" src=\"https:\/\/www.sannicolasdemyra.cl\/web\/wp-content\/uploads\/Sello-Plan-Islandia-300x203.jpg\" class=\"attachment-medium size-medium\" alt=\"\" ids=\"24645,24646,24647\" style=\"default\" lightbox_image_size=\"original\" type=\"slider\" columns=\"1\" auto_slide=\"3000\" srcset=\"https:\/\/www.sannicolasdemyra.cl\/web\/wp-content\/uploads\/Sello-Plan-Islandia-300x203.jpg 300w, https:\/\/www.sannicolasdemyra.cl\/web\/wp-content\/uploads\/Sello-Plan-Islandia-1024x691.jpg 1024w, https:\/\/www.sannicolasdemyra.cl\/web\/wp-content\/uploads\/Sello-Plan-Islandia-768x518.jpg 768w, https:\/\/www.sannicolasdemyra.cl\/web\/wp-content\/uploads\/Sello-Plan-Islandia.jpg 1200w\" sizes=\"auto, (max-width: 300px) 100vw, 300px\" \/>                                                              <\/div>\n              <div class=\"box-text text-left\" >\n                 <p><\/p>\n              <\/div>\n            <\/div>\n            <\/a>          <\/div>\n         <\/div><div class=\"gallery-col col\" >\n          <div class=\"col-inner\">\n            <a class=\"\" href=\"https:\/\/www.sannicolasdemyra.cl\/web\/wp-content\/uploads\/Charla-Preventiva-a-5\u00b0-Basico.jpg\" title=\"\">            <div class=\"box has-hover gallery-box box-default\">\n              <div class=\"box-image\" >\n                <img loading=\"lazy\" decoding=\"async\" width=\"300\" height=\"203\" src=\"https:\/\/www.sannicolasdemyra.cl\/web\/wp-content\/uploads\/Charla-Preventiva-a-5\u00b0-Basico-300x203.jpg\" class=\"attachment-medium size-medium\" alt=\"\" ids=\"24645,24646,24647\" style=\"default\" lightbox_image_size=\"original\" type=\"slider\" columns=\"1\" auto_slide=\"3000\" srcset=\"https:\/\/www.sannicolasdemyra.cl\/web\/wp-content\/uploads\/Charla-Preventiva-a-5\u00b0-Basico-300x203.jpg 300w, https:\/\/www.sannicolasdemyra.cl\/web\/wp-content\/uploads\/Charla-Preventiva-a-5\u00b0-Basico-1024x691.jpg 1024w, https:\/\/www.sannicolasdemyra.cl\/web\/wp-content\/uploads\/Charla-Preventiva-a-5\u00b0-Basico-768x518.jpg 768w, https:\/\/www.sannicolasdemyra.cl\/web\/wp-content\/uploads\/Charla-Preventiva-a-5\u00b0-Basico.jpg 1200w\" sizes=\"auto, (max-width: 300px) 100vw, 300px\" \/>                                                              <\/div>\n              <div class=\"box-text text-left\" >\n                 <p><\/p>\n              <\/div>\n            <\/div>\n            <\/a>          <\/div>\n         <\/div><div class=\"gallery-col col\" >\n          <div class=\"col-inner\">\n            <a class=\"\" href=\"https:\/\/www.sannicolasdemyra.cl\/web\/wp-content\/uploads\/21.jpg\" title=\"\">            <div class=\"box has-hover gallery-box box-default\">\n              <div class=\"box-image\" >\n                <img loading=\"lazy\" decoding=\"async\" width=\"300\" height=\"203\" src=\"https:\/\/www.sannicolasdemyra.cl\/web\/wp-content\/uploads\/21-300x203.jpg\" class=\"attachment-medium size-medium\" alt=\"\" ids=\"24645,24646,24647\" style=\"default\" lightbox_image_size=\"original\" type=\"slider\" columns=\"1\" auto_slide=\"3000\" srcset=\"https:\/\/www.sannicolasdemyra.cl\/web\/wp-content\/uploads\/21-300x203.jpg 300w, https:\/\/www.sannicolasdemyra.cl\/web\/wp-content\/uploads\/21-1024x691.jpg 1024w, https:\/\/www.sannicolasdemyra.cl\/web\/wp-content\/uploads\/21-768x518.jpg 768w, https:\/\/www.sannicolasdemyra.cl\/web\/wp-content\/uploads\/21.jpg 1200w\" sizes=\"auto, (max-width: 300px) 100vw, 300px\" \/>                                                              <\/div>\n              <div class=\"box-text text-left\" >\n                 <p><\/p>\n              <\/div>\n            <\/div>\n            <\/a>          <\/div>\n         <\/div><\/div>\n\t\t<\/div>\n\t\t\t\t\t<\/div>\n\n\t\n\n\t<div id=\"col-1252946938\" class=\"col medium-6 small-12 large-6\"  >\n\t\t\t\t<div class=\"col-inner\"  >\n\t\t\t\n\t\t\t\n<div class=\"video video-fit mb\" style=\"padding-top:56.25%;\"><p><iframe loading=\"lazy\" title=\"Colegio San Nicola\u0301s de Myra - Lideres Preventivos -  Sello Plan Islandia\" src=\"https:\/\/player.vimeo.com\/video\/1047165343?dnt=1&amp;app_id=122963\" width=\"1020\" height=\"574\" frameborder=\"0\" allow=\"autoplay; fullscreen; picture-in-picture; clipboard-write; encrypted-media\"><\/iframe><\/p>\n<\/div>\n\t\t<\/div>\n\t\t\t\t\t<\/div>\n\n\t\n<\/div>\n\t\t<\/div>\n\t\t\t\t\t<\/div>\n\n\t\n\n\t<div id=\"col-409775562\" class=\"col medium-4 small-12 large-4\"  >\n\t\t\t\t<div class=\"col-inner dark\" style=\"background-color:#03263d;\" >\n\t\t\t\n\t\t\t\n\t<div class=\"img has-hover x md-x lg-x y md-y lg-y\" id=\"image_220701077\">\n\t\t\t\t\t\t\t\t<div class=\"img-inner dark\" >\n\t\t\t<img loading=\"lazy\" decoding=\"async\" width=\"1200\" height=\"810\" src=\"https:\/\/www.sannicolasdemyra.cl\/web\/wp-content\/uploads\/Sana-Convivencia-2.jpg\" class=\"attachment-original size-original\" alt=\"Entrega del sello Plan Islandia en Sana Convivencia\" srcset=\"https:\/\/www.sannicolasdemyra.cl\/web\/wp-content\/uploads\/Sana-Convivencia-2.jpg 1200w, https:\/\/www.sannicolasdemyra.cl\/web\/wp-content\/uploads\/Sana-Convivencia-2-300x203.jpg 300w, https:\/\/www.sannicolasdemyra.cl\/web\/wp-content\/uploads\/Sana-Convivencia-2-1024x691.jpg 1024w, https:\/\/www.sannicolasdemyra.cl\/web\/wp-content\/uploads\/Sana-Convivencia-2-768x518.jpg 768w\" sizes=\"auto, (max-width: 1200px) 100vw, 1200px\" \/>\t\t\t\t\t\t\n\t\t\t\t\t<\/div>\n\t\t\t\t\t\t\t\t\n<style>\n#image_220701077 {\n  width: 100%;\n}\n<\/style>\n\t<\/div>\n\t\n<h4 class=\"lead\"><strong>Reconocimiento al Sello Plan Islandia: <\/strong><\/h4>\n<h2 class=\"uppercase\"><img loading=\"lazy\" decoding=\"async\" class=\" wp-image-24169 alignleft\" src=\"https:\/\/www.sannicolasdemyra.cl\/web\/wp-content\/uploads\/Plan-Islandia.png\" alt=\"Plan Islandia municipalidad Las Condes\" width=\"86\" height=\"86\" srcset=\"https:\/\/www.sannicolasdemyra.cl\/web\/wp-content\/uploads\/Plan-Islandia.png 300w, https:\/\/www.sannicolasdemyra.cl\/web\/wp-content\/uploads\/Plan-Islandia-150x150.png 150w\" sizes=\"auto, (max-width: 86px) 100vw, 86px\" \/><\/h2>\n<p>En 2023, nuestro colegio implement\u00f3 con \u00e9xito el <a href=\"https:\/\/www.corplascondes.cl\/educacion-planet.php\"><strong>Sello Plan Islandia<\/strong><\/a>, un modelo preventivo basado en cuatro pilares: familia, escuela, grupo de pares y uso del tiempo libre. Este sello busca generar culturas preventivas fortaleciendo los factores protectores en ni\u00f1os, ni\u00f1as y adolescentes.<\/p>\n<p>El mi\u00e9rcoles 4 de diciembre de 2024, la <strong>Municipalidad de Las Condes<\/strong>, representada por su <strong>alcaldesa<\/strong>, Daniela Pe\u00f1aloza, reconoci\u00f3 p\u00fablicamente el compromiso del colegio en una ceremonia especial, entregando la certificaci\u00f3n del Sello Plan Islandia a nuestros estudiantes l\u00edderes. Este reconocimiento refuerza el compromiso de nuestra comunidad con la formaci\u00f3n integral de nuestros alumnos y el desarrollo de una cultura de prevenci\u00f3n s\u00f3lida y sostenible.<\/p>\n\t<div class=\"img has-hover x md-x lg-x y md-y lg-y\" id=\"image_662531130\">\n\t\t\t\t\t\t\t\t<div class=\"img-inner dark\" >\n\t\t\t<img loading=\"lazy\" decoding=\"async\" width=\"1200\" height=\"810\" src=\"https:\/\/www.sannicolasdemyra.cl\/web\/wp-content\/uploads\/Sana-Convivencia-1-1.jpg\" class=\"attachment-original size-original\" alt=\"\" srcset=\"https:\/\/www.sannicolasdemyra.cl\/web\/wp-content\/uploads\/Sana-Convivencia-1-1.jpg 1200w, https:\/\/www.sannicolasdemyra.cl\/web\/wp-content\/uploads\/Sana-Convivencia-1-1-300x203.jpg 300w, https:\/\/www.sannicolasdemyra.cl\/web\/wp-content\/uploads\/Sana-Convivencia-1-1-1024x691.jpg 1024w, https:\/\/www.sannicolasdemyra.cl\/web\/wp-content\/uploads\/Sana-Convivencia-1-1-768x518.jpg 768w\" sizes=\"auto, (max-width: 1200px) 100vw, 1200px\" \/>\t\t\t\t\t\t\n\t\t\t\t\t<\/div>\n\t\t\t\t\t\t\t\t\n<style>\n#image_662531130 {\n  width: 100%;\n}\n<\/style>\n\t<\/div>\n\t\n\t\t<\/div>\n\t\t\t\t\n<style>\n#col-409775562 > .col-inner {\n  padding: 20px 20px 20px 20px;\n}\n<\/style>\n\t<\/div>\n\n\t\n<\/div>\n\n\t<section class=\"section dark\" id=\"section_39928358\">\n\t\t<div class=\"section-bg fill\" >\n\t\t\t\t\t\t\t\t\t\n\t\t\t\n\t<div class=\"is-border\"\n\t\tstyle=\"border-width:0px 0px 180px 0px;\">\n\t<\/div>\n\n\t\t<\/div>\n\n\t\t\n\t<div class=\"ux-shape-divider ux-shape-divider--bottom ux-shape-divider--style-curve-invert\">\n\t\t<svg viewBox=\"0 0 1000 100\" xmlns=\"http:\/\/www.w3.org\/2000\/svg\" preserveAspectRatio=\"none\">\n\t<path class=\"ux-shape-fill\" d=\"M500 47.0297C184.4 47.0297 -26 100 -26 100H1026C1026 100 815.6 47.0297 500 47.0297ZM1026 -5.94059H-26V-7H1026V-5.94059Z\"\/>\n<\/svg>\n\n\t<\/div>\n\n\t\t<div class=\"section-content relative\">\n\t\t\t\n<div class=\"row hide-for-small\"  id=\"row-2050925031\">\n\n\t<div id=\"col-172475367\" class=\"col medium-4 small-12 large-4\"  >\n\t\t\t\t<div class=\"col-inner\"  >\n\t\t\t\n\t\t\t\n\t<div class=\"box has-hover   has-hover box-label box-text-bottom\" >\n\n\t\t<div class=\"box-image\" >\n\t\t\t<a href=\"https:\/\/www.sannicolasdemyra.cl\/web\/vida-escolar\/noticias\/\" target=\"_blank\" rel=\"noopener\" >\t\t\t<div class=\"image-cover\" style=\"padding-top:400px;\">\n\t\t\t\t<img loading=\"lazy\" decoding=\"async\" width=\"1080\" height=\"1080\" src=\"https:\/\/www.sannicolasdemyra.cl\/web\/wp-content\/uploads\/NOTICIAS-1.jpg\" class=\"attachment-original size-original\" alt=\"las noticias de nuestro colegio\" srcset=\"https:\/\/www.sannicolasdemyra.cl\/web\/wp-content\/uploads\/NOTICIAS-1.jpg 1080w, https:\/\/www.sannicolasdemyra.cl\/web\/wp-content\/uploads\/NOTICIAS-1-300x300.jpg 300w, https:\/\/www.sannicolasdemyra.cl\/web\/wp-content\/uploads\/NOTICIAS-1-1024x1024.jpg 1024w, https:\/\/www.sannicolasdemyra.cl\/web\/wp-content\/uploads\/NOTICIAS-1-150x150.jpg 150w, https:\/\/www.sannicolasdemyra.cl\/web\/wp-content\/uploads\/NOTICIAS-1-768x768.jpg 768w\" sizes=\"auto, (max-width: 1080px) 100vw, 1080px\" \/>\t\t\t\t\t\t\t\t\t\t\t<\/div>\n\t\t\t<\/a>\t\t<\/div>\n\n\t\t<div class=\"box-text text-center dark\" style=\"background-color:rgba(1, 46, 64, 0.808);\">\n\t\t\t<div class=\"box-text-inner\">\n\t\t\t\t\n<h4>NOTICIAS<\/h4>\n\t\t\t<\/div>\n\t\t<\/div>\n\t<\/div>\n\t\n\t\t<\/div>\n\t\t\t\t\t<\/div>\n\n\t\n\n\t<div id=\"col-1241272761\" class=\"col medium-4 small-12 large-4\"  >\n\t\t\t\t<div class=\"col-inner\"  >\n\t\t\t\n\t\t\t\n\t<div class=\"box has-hover   has-hover box-label box-text-bottom\" >\n\n\t\t<div class=\"box-image\" >\n\t\t\t<a href=\"https:\/\/www.sannicolasdemyra.cl\/web\/vida-escolar\/sana-convivencia\/\" target=\"_blank\" rel=\"noopener\" >\t\t\t<div class=\"image-cover\" style=\"padding-top:400px;\">\n\t\t\t\t<img loading=\"lazy\" decoding=\"async\" width=\"400\" height=\"400\" src=\"https:\/\/www.sannicolasdemyra.cl\/web\/wp-content\/uploads\/Sana-Convivencia.jpg\" class=\"attachment-original size-original\" alt=\"educar en sana convivencia buen trato\" srcset=\"https:\/\/www.sannicolasdemyra.cl\/web\/wp-content\/uploads\/Sana-Convivencia.jpg 400w, https:\/\/www.sannicolasdemyra.cl\/web\/wp-content\/uploads\/Sana-Convivencia-300x300.jpg 300w, https:\/\/www.sannicolasdemyra.cl\/web\/wp-content\/uploads\/Sana-Convivencia-150x150.jpg 150w\" sizes=\"auto, (max-width: 400px) 100vw, 400px\" \/>\t\t\t\t\t\t\t\t\t\t\t<\/div>\n\t\t\t<\/a>\t\t<\/div>\n\n\t\t<div class=\"box-text text-center dark\" style=\"background-color:rgba(1, 46, 64, 0.808);\">\n\t\t\t<div class=\"box-text-inner\">\n\t\t\t\t\n<h4>SANA CONVIVENCIA<\/h4>\n\t\t\t<\/div>\n\t\t<\/div>\n\t<\/div>\n\t\n\t\t<\/div>\n\t\t\t\t\t<\/div>\n\n\t\n\n\t<div id=\"col-715647118\" class=\"col medium-4 small-12 large-4\"  >\n\t\t\t\t<div class=\"col-inner\"  >\n\t\t\t\n\t\t\t\n\t<div class=\"box has-hover   has-hover box-label box-text-bottom\" >\n\n\t\t<div class=\"box-image\" >\n\t\t\t<a href=\"https:\/\/www.sannicolasdemyra.cl\/web\/nuestro-colegio\/intercambios\/\" target=\"_blank\" rel=\"noopener\" >\t\t\t<div class=\"image-cover\" style=\"padding-top:400px;\">\n\t\t\t\t<img loading=\"lazy\" decoding=\"async\" width=\"400\" height=\"400\" src=\"https:\/\/www.sannicolasdemyra.cl\/web\/wp-content\/uploads\/intercambio-London.jpg\" class=\"attachment-original size-original\" alt=\"estudiantes de intercambio Londres\" srcset=\"https:\/\/www.sannicolasdemyra.cl\/web\/wp-content\/uploads\/intercambio-London.jpg 400w, https:\/\/www.sannicolasdemyra.cl\/web\/wp-content\/uploads\/intercambio-London-300x300.jpg 300w, https:\/\/www.sannicolasdemyra.cl\/web\/wp-content\/uploads\/intercambio-London-150x150.jpg 150w\" sizes=\"auto, (max-width: 400px) 100vw, 400px\" \/>\t\t\t\t\t\t\t\t\t\t\t<\/div>\n\t\t\t<\/a>\t\t<\/div>\n\n\t\t<div class=\"box-text text-center dark\" style=\"background-color:rgba(1, 46, 64, 0.808);\">\n\t\t\t<div class=\"box-text-inner\">\n\t\t\t\t\n<h4>INTERCAMBIOS<\/h4>\n\t\t\t<\/div>\n\t\t<\/div>\n\t<\/div>\n\t\n\t\t<\/div>\n\t\t\t\t\t<\/div>\n\n\t\n<\/div>\n<div class=\"row show-for-small\"  id=\"row-1711714783\">\n\n\t<div id=\"col-1003699719\" class=\"col medium-4 small-12 large-4\"  >\n\t\t\t\t<div class=\"col-inner\"  >\n\t\t\t\n\t\t\t\n<div class=\"slider-wrapper relative\" id=\"slider-89951809\" >\n    <div class=\"slider slider-nav-dots-simple slider-nav-circle slider-nav-large slider-nav-dark slider-style-normal\"\n        data-flickity-options='{\n            \"cellAlign\": \"center\",\n            \"imagesLoaded\": true,\n            \"lazyLoad\": 1,\n            \"freeScroll\": false,\n            \"wrapAround\": true,\n            \"autoPlay\": 6000,\n            \"pauseAutoPlayOnHover\" : true,\n            \"prevNextButtons\": false,\n            \"contain\" : true,\n            \"adaptiveHeight\" : true,\n            \"dragThreshold\" : 10,\n            \"percentPosition\": true,\n            \"pageDots\": true,\n            \"rightToLeft\": false,\n            \"draggable\": true,\n            \"selectedAttraction\": 0.1,\n            \"parallax\" : 0,\n            \"friction\": 0.6        }'\n        >\n        \n<div class=\"row\"  id=\"row-916417549\">\n\n\t<div id=\"col-2101474396\" class=\"col medium-6 small-6 large-6\"  >\n\t\t\t\t<div class=\"col-inner\"  >\n\t\t\t\n\t\t\t\n\t<div class=\"box has-hover   has-hover box-label box-text-bottom\" >\n\n\t\t<div class=\"box-image\" >\n\t\t\t<a href=\"https:\/\/www.sannicolasdemyra.cl\/web\/nuestro-colegio\/ingles\/\" target=\"_blank\" rel=\"noopener\" >\t\t\t<div class=\"image-cover\" style=\"padding-top:100%;\">\n\t\t\t\t<img loading=\"lazy\" decoding=\"async\" width=\"400\" height=\"400\" src=\"https:\/\/www.sannicolasdemyra.cl\/web\/wp-content\/uploads\/Ingles.jpg\" class=\"attachment-original size-original\" alt=\"Intercambio -London-ingl\u00e9s\" srcset=\"https:\/\/www.sannicolasdemyra.cl\/web\/wp-content\/uploads\/Ingles.jpg 400w, https:\/\/www.sannicolasdemyra.cl\/web\/wp-content\/uploads\/Ingles-300x300.jpg 300w, https:\/\/www.sannicolasdemyra.cl\/web\/wp-content\/uploads\/Ingles-150x150.jpg 150w\" sizes=\"auto, (max-width: 400px) 100vw, 400px\" \/>\t\t\t\t\t\t\t\t\t\t\t<\/div>\n\t\t\t<\/a>\t\t<\/div>\n\n\t\t<div class=\"box-text text-center is-xsmall dark\" style=\"background-color:rgba(1, 46, 64, 0.808);\">\n\t\t\t<div class=\"box-text-inner\">\n\t\t\t\t\n<h4>INGL\u00c9S<\/h4>\n\t\t\t<\/div>\n\t\t<\/div>\n\t<\/div>\n\t\n\t\t<\/div>\n\t\t\t\t\t<\/div>\n\n\t\n\n\t<div id=\"col-1281342798\" class=\"col medium-6 small-6 large-6\"  >\n\t\t\t\t<div class=\"col-inner\"  >\n\t\t\t\n\t\t\t\n\t<div class=\"box has-hover   has-hover box-label box-text-bottom\" >\n\n\t\t<div class=\"box-image\" >\n\t\t\t<a href=\"https:\/\/www.sannicolasdemyra.cl\/web\/nuestro-colegio\/intercambios\/\" target=\"_blank\" rel=\"noopener\" >\t\t\t<div class=\"image-cover\" style=\"padding-top:100%;\">\n\t\t\t\t<img loading=\"lazy\" decoding=\"async\" width=\"400\" height=\"400\" src=\"https:\/\/www.sannicolasdemyra.cl\/web\/wp-content\/uploads\/intercambio-London.jpg\" class=\"attachment-original size-original\" alt=\"estudiantes de intercambio Londres\" srcset=\"https:\/\/www.sannicolasdemyra.cl\/web\/wp-content\/uploads\/intercambio-London.jpg 400w, https:\/\/www.sannicolasdemyra.cl\/web\/wp-content\/uploads\/intercambio-London-300x300.jpg 300w, https:\/\/www.sannicolasdemyra.cl\/web\/wp-content\/uploads\/intercambio-London-150x150.jpg 150w\" sizes=\"auto, (max-width: 400px) 100vw, 400px\" \/>\t\t\t\t\t\t\t\t\t\t\t<\/div>\n\t\t\t<\/a>\t\t<\/div>\n\n\t\t<div class=\"box-text text-center is-xsmall dark\" style=\"background-color:rgba(1, 46, 64, 0.808);\">\n\t\t\t<div class=\"box-text-inner\">\n\t\t\t\t\n<h4>INTERCAMBIOS<\/h4>\n\t\t\t<\/div>\n\t\t<\/div>\n\t<\/div>\n\t\n\t\t<\/div>\n\t\t\t\t\t<\/div>\n\n\t\n<\/div>\n<div class=\"row\"  id=\"row-700156944\">\n\n\t<div id=\"col-1063494665\" class=\"col medium-6 small-6 large-6\"  >\n\t\t\t\t<div class=\"col-inner\"  >\n\t\t\t\n\t\t\t\n\t<div class=\"box has-hover   has-hover box-label box-text-bottom\" >\n\n\t\t<div class=\"box-image\" >\n\t\t\t<a href=\"https:\/\/www.sannicolasdemyra.cl\/web\/vida-escolar\/noticias\/\" target=\"_blank\" rel=\"noopener\" >\t\t\t<div class=\"image-cover\" style=\"padding-top:100%;\">\n\t\t\t\t<img loading=\"lazy\" decoding=\"async\" width=\"1080\" height=\"1080\" src=\"https:\/\/www.sannicolasdemyra.cl\/web\/wp-content\/uploads\/NOTICIAS-1.jpg\" class=\"attachment-original size-original\" alt=\"las noticias de nuestro colegio\" srcset=\"https:\/\/www.sannicolasdemyra.cl\/web\/wp-content\/uploads\/NOTICIAS-1.jpg 1080w, https:\/\/www.sannicolasdemyra.cl\/web\/wp-content\/uploads\/NOTICIAS-1-300x300.jpg 300w, https:\/\/www.sannicolasdemyra.cl\/web\/wp-content\/uploads\/NOTICIAS-1-1024x1024.jpg 1024w, https:\/\/www.sannicolasdemyra.cl\/web\/wp-content\/uploads\/NOTICIAS-1-150x150.jpg 150w, https:\/\/www.sannicolasdemyra.cl\/web\/wp-content\/uploads\/NOTICIAS-1-768x768.jpg 768w\" sizes=\"auto, (max-width: 1080px) 100vw, 1080px\" \/>\t\t\t\t\t\t\t\t\t\t\t<\/div>\n\t\t\t<\/a>\t\t<\/div>\n\n\t\t<div class=\"box-text text-center is-xsmall dark\" style=\"background-color:rgba(1, 46, 64, 0.808);\">\n\t\t\t<div class=\"box-text-inner\">\n\t\t\t\t\n<h4>NOTICIAS<\/h4>\n\t\t\t<\/div>\n\t\t<\/div>\n\t<\/div>\n\t\n\t\t<\/div>\n\t\t\t\t\t<\/div>\n\n\t\n\n\t<div id=\"col-1341052435\" class=\"col medium-4 small-6 large-4\"  >\n\t\t\t\t<div class=\"col-inner\"  >\n\t\t\t\n\t\t\t\n\t<div class=\"box has-hover   has-hover box-label box-text-bottom\" >\n\n\t\t<div class=\"box-image\" >\n\t\t\t<a href=\"https:\/\/www.sannicolasdemyra.cl\/web\/nuestro-colegio\/intercambios\/\" target=\"_blank\" rel=\"noopener\" >\t\t\t<div class=\"image-cover\" style=\"padding-top:100%;\">\n\t\t\t\t<img loading=\"lazy\" decoding=\"async\" width=\"400\" height=\"400\" src=\"https:\/\/www.sannicolasdemyra.cl\/web\/wp-content\/uploads\/intercambio-London.jpg\" class=\"attachment-original size-original\" alt=\"estudiantes de intercambio Londres\" srcset=\"https:\/\/www.sannicolasdemyra.cl\/web\/wp-content\/uploads\/intercambio-London.jpg 400w, https:\/\/www.sannicolasdemyra.cl\/web\/wp-content\/uploads\/intercambio-London-300x300.jpg 300w, https:\/\/www.sannicolasdemyra.cl\/web\/wp-content\/uploads\/intercambio-London-150x150.jpg 150w\" sizes=\"auto, (max-width: 400px) 100vw, 400px\" \/>\t\t\t\t\t\t\t\t\t\t\t<\/div>\n\t\t\t<\/a>\t\t<\/div>\n\n\t\t<div class=\"box-text text-center is-xsmall dark\" style=\"background-color:rgba(1, 46, 64, 0.808);\">\n\t\t\t<div class=\"box-text-inner\">\n\t\t\t\t\n<h4>INTERCAMBIOS<\/h4>\n\t\t\t<\/div>\n\t\t<\/div>\n\t<\/div>\n\t\n\t\t<\/div>\n\t\t\t\t\t<\/div>\n\n\t\n<\/div>\n     <\/div>\n\n     <div class=\"loading-spin dark large centered\"><\/div>\n\n\t<\/div>\n\n\n\t\t<\/div>\n\t\t\t\t\t<\/div>\n\n\t\n<\/div>\n\t\t<\/div>\n\n\t\t\n<style>\n#section_39928358 {\n  padding-top: 43px;\n  padding-bottom: 43px;\n  background-color: #03263d;\n}\n#section_39928358 .ux-shape-divider--bottom svg {\n  height: 0px;\n  --divider-width: 300%;\n}\n@media (min-width:550px) {\n  #section_39928358 {\n    padding-top: 50px;\n    padding-bottom: 50px;\n  }\n  #section_39928358 .ux-shape-divider--bottom svg {\n    height: 400px;\n  }\n}\n<\/style>\n\t<\/section>\n\t\n","protected":false},"excerpt":{"rendered":"","protected":false},"author":8,"featured_media":0,"parent":23235,"menu_order":0,"comment_status":"closed","ping_status":"closed","template":"page-blank.php","meta":{"_price":"","_stock":"","_tribe_ticket_header":"","_tribe_default_ticket_provider":"","_tribe_ticket_capacity":"0","_ticket_start_date":"","_ticket_end_date":"","_tribe_ticket_show_description":"","_tribe_ticket_show_not_going":false,"_tribe_ticket_use_global_stock":"","_tribe_ticket_global_stock_level":"","_global_stock_mode":"","_global_stock_cap":"","_tribe_rsvp_for_event":"","_tribe_ticket_going_count":"","_tribe_ticket_not_going_count":"","_tribe_tickets_list":"[]","_tribe_ticket_has_attendee_info_fields":false,"footnotes":"","_tec_slr_enabled":"","_tec_slr_layout":""},"class_list":["post-24020","page","type-page","status-publish","hentry"],"ticketed":false,"_links":{"self":[{"href":"https:\/\/www.sannicolasdemyra.cl\/web\/wp-json\/wp\/v2\/pages\/24020","targetHints":{"allow":["GET"]}}],"collection":[{"href":"https:\/\/www.sannicolasdemyra.cl\/web\/wp-json\/wp\/v2\/pages"}],"about":[{"href":"https:\/\/www.sannicolasdemyra.cl\/web\/wp-json\/wp\/v2\/types\/page"}],"author":[{"embeddable":true,"href":"https:\/\/www.sannicolasdemyra.cl\/web\/wp-json\/wp\/v2\/users\/8"}],"replies":[{"embeddable":true,"href":"https:\/\/www.sannicolasdemyra.cl\/web\/wp-json\/wp\/v2\/comments?post=24020"}],"version-history":[{"count":0,"href":"https:\/\/www.sannicolasdemyra.cl\/web\/wp-json\/wp\/v2\/pages\/24020\/revisions"}],"up":[{"embeddable":true,"href":"https:\/\/www.sannicolasdemyra.cl\/web\/wp-json\/wp\/v2\/pages\/23235"}],"wp:attachment":[{"href":"https:\/\/www.sannicolasdemyra.cl\/web\/wp-json\/wp\/v2\/media?parent=24020"}],"curies":[{"name":"wp","href":"https:\/\/api.w.org\/{rel}","templated":true}]}}